{"id":29774,"date":"2022-10-04T15:50:12","date_gmt":"2022-10-04T13:50:12","guid":{"rendered":"https:\/\/br10.brentex-webprojekt.ch\/?page_id=29774"},"modified":"2023-11-23T14:34:29","modified_gmt":"2023-11-23T13:34:29","slug":"sanitatsmaterial","status":"publish","type":"page","link":"https:\/\/www.rovia.ch\/fr\/sanitatsmaterial\/","title":{"rendered":"Mat\u00e9riel sanitaire"},"content":{"rendered":"<div data-elementor-type=\"wp-page\" data-elementor-id=\"29774\" class=\"elementor elementor-29774\" data-elementor-settings=\"{&quot;ha_cmc_init_switcher&quot;:&quot;no&quot;}\" data-elementor-post-type=\"page\">\n\t\t\t\t\t\t<section class=\"elementor-section elementor-top-section elementor-element elementor-element-15d7694 elementor-section-height-min-height elementor-section-items-bottom elementor-section-boxed elementor-section-height-default\" data-id=\"15d7694\" data-element_type=\"section\" data-settings=\"{&quot;background_background&quot;:&quot;classic&quot;,&quot;_ha_eqh_enable&quot;:false}\">\n\t\t\t\t\t\t\t<div class=\"elementor-background-overlay\"><\/div>\n\t\t\t\t\t\t\t<div class=\"elementor-container elementor-column-gap-default\">\n\t\t\t\t\t<div class=\"elementor-column elementor-col-100 elementor-top-column elementor-element elementor-element-c7407b3\" data-id=\"c7407b3\" data-element_type=\"column\">\n\t\t\t<div class=\"elementor-widget-wrap elementor-element-populated\">\n\t\t\t\t\t\t<div class=\"elementor-element elementor-element-dda14a1 elementor-list-item-link-inline elementor-icon-list--layout-inline elementor-widget elementor-widget-icon-list\" data-id=\"dda14a1\" data-element_type=\"widget\" data-widget_type=\"icon-list.default\">\n\t\t\t\t<div class=\"elementor-widget-container\">\n\t\t\t\t\t\t\t<ul class=\"elementor-icon-list-items elementor-inline-items\">\n\t\t\t\t\t\t\t<li class=\"elementor-icon-list-item elementor-inline-item\">\n\t\t\t\t\t\t\t\t\t\t\t<a href=\"https:\/\/www.rovia.ch\/fr\/produkte\/\">\n\n\t\t\t\t\t\t\t\t\t\t\t<span class=\"elementor-icon-list-text\">Produits<\/span>\n\t\t\t\t\t\t\t\t\t\t\t<\/a>\n\t\t\t\t\t\t\t\t\t<\/li>\n\t\t\t\t\t\t\t\t<li class=\"elementor-icon-list-item elementor-inline-item\">\n\t\t\t\t\t\t\t\t\t\t\t<span class=\"elementor-icon-list-icon\">\n\t\t\t\t\t\t\t<i aria-hidden=\"true\" class=\"fas fa-minus\"><\/i>\t\t\t\t\t\t<\/span>\n\t\t\t\t\t\t\t\t\t\t<span class=\"elementor-icon-list-text\">Mat\u00e9riel sanitaire<\/span>\n\t\t\t\t\t\t\t\t\t<\/li>\n\t\t\t\t\t\t<\/ul>\n\t\t\t\t\t\t<\/div>\n\t\t\t\t<\/div>\n\t\t\t\t<div class=\"elementor-element elementor-element-0412cc3 elementor-widget elementor-widget-heading\" data-id=\"0412cc3\" data-element_type=\"widget\" data-widget_type=\"heading.default\">\n\t\t\t\t<div class=\"elementor-widget-container\">\n\t\t\t\t\t<h2 class=\"elementor-heading-title elementor-size-default\">Mat\u00e9riel sanitaire<\/h2>\t\t\t\t<\/div>\n\t\t\t\t<\/div>\n\t\t\t\t\t<\/div>\n\t\t<\/div>\n\t\t\t\t\t<\/div>\n\t\t<\/section>\n\t\t\t\t<section class=\"elementor-section elementor-top-section elementor-element elementor-element-e2210dc elementor-section-boxed elementor-section-height-default elementor-section-height-default\" data-id=\"e2210dc\" data-element_type=\"section\" data-settings=\"{&quot;background_background&quot;:&quot;classic&quot;,&quot;_ha_eqh_enable&quot;:false}\">\n\t\t\t\t\t\t<div class=\"elementor-container elementor-column-gap-default\">\n\t\t\t\t\t<div class=\"elementor-column elementor-col-50 elementor-top-column elementor-element elementor-element-f2888b5\" data-id=\"f2888b5\" data-element_type=\"column\">\n\t\t\t<div class=\"elementor-widget-wrap elementor-element-populated\">\n\t\t\t\t\t\t<div class=\"elementor-element elementor-element-a03e3b6 elementor-widget elementor-widget-heading\" data-id=\"a03e3b6\" data-element_type=\"widget\" data-widget_type=\"heading.default\">\n\t\t\t\t<div class=\"elementor-widget-container\">\n\t\t\t\t\t<h2 class=\"elementor-heading-title elementor-size-default\">Mat\u00e9riel sanitaire<\/h2>\t\t\t\t<\/div>\n\t\t\t\t<\/div>\n\t\t\t\t<div class=\"elementor-element elementor-element-3fb45ed elementor-widget-divider--view-line elementor-widget elementor-widget-divider\" data-id=\"3fb45ed\" data-element_type=\"widget\" data-widget_type=\"divider.default\">\n\t\t\t\t<div class=\"elementor-widget-container\">\n\t\t\t\t\t\t\t<div class=\"elementor-divider\">\n\t\t\t<span class=\"elementor-divider-separator\">\n\t\t\t\t\t\t<\/span>\n\t\t<\/div>\n\t\t\t\t\t\t<\/div>\n\t\t\t\t<\/div>\n\t\t\t\t<div class=\"elementor-element elementor-element-75bf0fd elementor-list-item-link-inline elementor-widget__width-auto elementor-align-left elementor-tablet-align-center elementor-icon-list--layout-traditional elementor-widget elementor-widget-icon-list\" data-id=\"75bf0fd\" data-element_type=\"widget\" data-widget_type=\"icon-list.default\">\n\t\t\t\t<div class=\"elementor-widget-container\">\n\t\t\t\t\t\t\t<ul class=\"elementor-icon-list-items\">\n\t\t\t\t\t\t\t<li class=\"elementor-icon-list-item\">\n\t\t\t\t\t\t\t\t\t\t\t<a href=\"https:\/\/www.rovia.ch\/fr\/rettungsbrett-baxstrap\/\">\n\n\t\t\t\t\t\t\t\t\t\t\t<span class=\"elementor-icon-list-text\"> Planche de sauvetage BaXstrap<\/span>\n\t\t\t\t\t\t\t\t\t\t\t<\/a>\n\t\t\t\t\t\t\t\t\t<\/li>\n\t\t\t\t\t\t<\/ul>\n\t\t\t\t\t\t<\/div>\n\t\t\t\t<\/div>\n\t\t\t\t\t<\/div>\n\t\t<\/div>\n\t\t\t\t<div class=\"elementor-column elementor-col-50 elementor-top-column elementor-element elementor-element-758b727\" data-id=\"758b727\" data-element_type=\"column\">\n\t\t\t<div class=\"elementor-widget-wrap elementor-element-populated\">\n\t\t\t\t\t\t<div class=\"elementor-element elementor-element-91179b2 elementor-posts--thumbnail-top elementor-grid-3 elementor-grid-tablet-2 elementor-grid-mobile-1 elementor-widget elementor-widget-posts\" data-id=\"91179b2\" data-element_type=\"widget\" data-settings=\"{&quot;custom_row_gap&quot;:{&quot;unit&quot;:&quot;px&quot;,&quot;size&quot;:30,&quot;sizes&quot;:[]},&quot;custom_row_gap_tablet&quot;:{&quot;unit&quot;:&quot;px&quot;,&quot;size&quot;:30,&quot;sizes&quot;:[]},&quot;custom_columns&quot;:&quot;3&quot;,&quot;custom_columns_tablet&quot;:&quot;2&quot;,&quot;custom_columns_mobile&quot;:&quot;1&quot;,&quot;custom_row_gap_mobile&quot;:{&quot;unit&quot;:&quot;px&quot;,&quot;size&quot;:&quot;&quot;,&quot;sizes&quot;:[]}}\" data-widget_type=\"posts.custom\">\n\t\t\t\t<div class=\"elementor-widget-container\">\n\t\t\t\t\t      <div class=\"ecs-posts elementor-posts-container elementor-posts   elementor-grid elementor-posts--skin-custom\" data-settings=\"{&quot;current_page&quot;:1,&quot;max_num_pages&quot;:1,&quot;load_method&quot;:&quot;&quot;,&quot;widget_id&quot;:&quot;91179b2&quot;,&quot;post_id&quot;:29774,&quot;theme_id&quot;:29774,&quot;change_url&quot;:false,&quot;reinit_js&quot;:false}\">\n      \t\t<article id=\"post-36538\" class=\"elementor-post elementor-grid-item ecs-post-loop post-36538 post type-post status-publish format-standard has-post-thumbnail hentry category-sanitatsmaterial\">\n\t\t\t\t<div data-elementor-type=\"loop\" data-elementor-id=\"31379\" class=\"elementor elementor-31379 post-36538 post type-post status-publish format-standard has-post-thumbnail hentry category-sanitatsmaterial\" data-elementor-settings=\"{&quot;ha_cmc_init_switcher&quot;:&quot;no&quot;}\" data-elementor-post-type=\"elementor_library\">\n\t\t\t\t\t<section class=\"elementor-section elementor-top-section elementor-element elementor-element-1508c92 elementor-section-height-min-height elementor-section-items-top elementor-section-boxed elementor-section-height-default\" data-id=\"1508c92\" data-element_type=\"section\" data-settings=\"{&quot;_ha_eqh_enable&quot;:false}\">\n\t\t\t\t\t\t<div class=\"elementor-container elementor-column-gap-default\">\n\t\t\t\t\t<div class=\"elementor-column elementor-col-100 elementor-top-column elementor-element elementor-element-79659f7\" data-id=\"79659f7\" data-element_type=\"column\">\n\t\t\t<div class=\"elementor-widget-wrap\">\n\t\t\t\t\t\t\t<\/div>\n\t\t<\/div>\n\t\t\t\t\t<\/div>\n\t\t<\/section>\n\t\t\t\t<section class=\"elementor-section elementor-top-section elementor-element elementor-element-61cf8f5 elementor-section-height-min-height elementor-section-items-top elementor-section-boxed elementor-section-height-default\" data-id=\"61cf8f5\" data-element_type=\"section\" data-settings=\"{&quot;_ha_eqh_enable&quot;:false}\">\n\t\t\t\t\t\t<div class=\"elementor-container elementor-column-gap-default\">\n\t\t\t\t\t<div data-ha-element-link=\"{&quot;url&quot;:&quot;https:\\\/\\\/www.rovia.ch\\\/fr\\\/rettungsbrett-baxstrap\\\/&quot;,&quot;is_external&quot;:&quot;&quot;,&quot;nofollow&quot;:&quot;&quot;}\" style=\"cursor: pointer\" class=\"elementor-column elementor-col-100 elementor-top-column elementor-element elementor-element-e601498\" data-id=\"e601498\" data-element_type=\"column\" data-settings=\"{&quot;background_background&quot;:&quot;classic&quot;}\">\n\t\t\t<div class=\"elementor-widget-wrap elementor-element-populated\">\n\t\t\t\t\t\t<div class=\"elementor-element elementor-element-36c72ae elementor-widget__width-initial elementor-widget elementor-widget-image\" data-id=\"36c72ae\" data-element_type=\"widget\" data-widget_type=\"image.default\">\n\t\t\t\t<div class=\"elementor-widget-container\">\n\t\t\t\t\t\t\t\t\t\t\t\t\t\t\t<img fetchpriority=\"high\" decoding=\"async\" width=\"300\" height=\"300\" src=\"https:\/\/www.rovia.ch\/wp-content\/uploads\/2022\/11\/bett.jpeg\" class=\"attachment-large size-large wp-image-36957\" alt=\"\" srcset=\"https:\/\/www.rovia.ch\/wp-content\/uploads\/2022\/11\/bett.jpeg 300w, https:\/\/www.rovia.ch\/wp-content\/uploads\/2022\/11\/bett-150x150.jpeg 150w\" sizes=\"(max-width: 300px) 100vw, 300px\" \/>\t\t\t\t\t\t\t\t\t\t\t\t\t\t\t<\/div>\n\t\t\t\t<\/div>\n\t\t\t\t<div class=\"elementor-element elementor-element-88dd3c7 elementor-widget elementor-widget-heading\" data-id=\"88dd3c7\" data-element_type=\"widget\" data-widget_type=\"heading.default\">\n\t\t\t\t<div class=\"elementor-widget-container\">\n\t\t\t\t\t<h2 class=\"elementor-heading-title elementor-size-default\">Planche de sauvetage BaXstrap<\/h2>\t\t\t\t<\/div>\n\t\t\t\t<\/div>\n\t\t\t\t<div class=\"elementor-element elementor-element-a984c53 elementor-widget__width-auto elementor-widget elementor-widget-button\" data-id=\"a984c53\" data-element_type=\"widget\" data-widget_type=\"button.default\">\n\t\t\t\t<div class=\"elementor-widget-container\">\n\t\t\t\t\t\t\t\t\t<div class=\"elementor-button-wrapper\">\n\t\t\t\t\t<a class=\"elementor-button elementor-button-link elementor-size-sm\" href=\"https:\/\/www.rovia.ch\/fr\/rettungsbrett-baxstrap\/\">\n\t\t\t\t\t\t<span class=\"elementor-button-content-wrapper\">\n\t\t\t\t\t\t\t\t\t<span class=\"elementor-button-text\">En savoir plus<\/span>\n\t\t\t\t\t<\/span>\n\t\t\t\t\t<\/a>\n\t\t\t\t<\/div>\n\t\t\t\t\t\t\t\t<\/div>\n\t\t\t\t<\/div>\n\t\t\t\t\t<\/div>\n\t\t<\/div>\n\t\t\t\t\t<\/div>\n\t\t<\/section>\n\t\t\t\t<\/div>\n\t\t\t\t<\/article>\n\t\t\t\t<\/div>\n\t\t\t\t\t\t<\/div>\n\t\t\t\t<\/div>\n\t\t\t\t\t<\/div>\n\t\t<\/div>\n\t\t\t\t\t<\/div>\n\t\t<\/section>\n\t\t\t\t<\/div>","protected":false},"excerpt":{"rendered":"<p>Produkte Sanit\u00e4tsmaterial Sanit\u00e4tsmaterial Sanit\u00e4tsmaterial Rettungsbrett BaXstrap<\/p>","protected":false},"author":2,"featured_media":32453,"parent":0,"menu_order":9,"comment_status":"closed","ping_status":"closed","template":"elementor_header_footer","meta":{"footnotes":""},"class_list":["post-29774","page","type-page","status-publish","has-post-thumbnail","hentry"],"yoast_head":"<!-- This site is optimized with the Yoast SEO plugin v25.2 - https:\/\/yoast.com\/wordpress\/plugins\/seo\/ -->\n<title>Sanit\u00e4tsmaterial - Rovia GmbH<\/title>\n<meta name=\"description\" content=\"Bei der Rovia GmbH finden Sie wichtige Produkte f\u00fcr Feuerwehr- und Rettungseins\u00e4tze wie beispielsweise Sanit\u00e4tsmaterial.\" \/>\n<meta name=\"robots\" content=\"index, follow, max-snippet:-1, max-image-preview:large, max-video-preview:-1\" \/>\n<link rel=\"canonical\" href=\"https:\/\/www.rovia.ch\/fr\/sanitatsmaterial\/\" \/>\n<meta property=\"og:locale\" content=\"fr_FR\" \/>\n<meta property=\"og:type\" content=\"article\" \/>\n<meta property=\"og:title\" content=\"Sanit\u00e4tsmaterial - Rovia GmbH\" \/>\n<meta property=\"og:description\" content=\"Bei der Rovia GmbH finden Sie wichtige Produkte f\u00fcr Feuerwehr- und Rettungseins\u00e4tze wie beispielsweise Sanit\u00e4tsmaterial.\" \/>\n<meta property=\"og:url\" content=\"https:\/\/www.rovia.ch\/fr\/sanitatsmaterial\/\" \/>\n<meta property=\"og:site_name\" content=\"Rovia GmbH\" \/>\n<meta property=\"article:modified_time\" content=\"2023-11-23T13:34:29+00:00\" \/>\n<meta property=\"og:image\" content=\"https:\/\/www.rovia.ch\/wp-content\/uploads\/2022\/11\/Kopffixierung.jpeg\" \/>\n\t<meta property=\"og:image:width\" content=\"300\" \/>\n\t<meta property=\"og:image:height\" content=\"300\" \/>\n\t<meta property=\"og:image:type\" content=\"image\/jpeg\" \/>\n<meta name=\"twitter:card\" content=\"summary_large_image\" \/>\n<meta name=\"twitter:label1\" content=\"Dur\u00e9e de lecture estim\u00e9e\" \/>\n\t<meta name=\"twitter:data1\" content=\"1 minute\" \/>\n<script type=\"application\/ld+json\" class=\"yoast-schema-graph\">{\"@context\":\"https:\/\/schema.org\",\"@graph\":[{\"@type\":\"WebPage\",\"@id\":\"https:\/\/www.rovia.ch\/sanitatsmaterial\/\",\"url\":\"https:\/\/www.rovia.ch\/sanitatsmaterial\/\",\"name\":\"Sanit\u00e4tsmaterial - Rovia GmbH\",\"isPartOf\":{\"@id\":\"https:\/\/www.rovia.ch\/#website\"},\"primaryImageOfPage\":{\"@id\":\"https:\/\/www.rovia.ch\/sanitatsmaterial\/#primaryimage\"},\"image\":{\"@id\":\"https:\/\/www.rovia.ch\/sanitatsmaterial\/#primaryimage\"},\"thumbnailUrl\":\"https:\/\/www.rovia.ch\/wp-content\/uploads\/2022\/10\/title.jpg\",\"datePublished\":\"2022-10-04T13:50:12+00:00\",\"dateModified\":\"2023-11-23T13:34:29+00:00\",\"description\":\"Bei der Rovia GmbH finden Sie wichtige Produkte f\u00fcr Feuerwehr- und Rettungseins\u00e4tze wie beispielsweise Sanit\u00e4tsmaterial.\",\"breadcrumb\":{\"@id\":\"https:\/\/www.rovia.ch\/sanitatsmaterial\/#breadcrumb\"},\"inLanguage\":\"fr-FR\",\"potentialAction\":[{\"@type\":\"ReadAction\",\"target\":[\"https:\/\/www.rovia.ch\/sanitatsmaterial\/\"]}]},{\"@type\":\"ImageObject\",\"inLanguage\":\"fr-FR\",\"@id\":\"https:\/\/www.rovia.ch\/sanitatsmaterial\/#primaryimage\",\"url\":\"https:\/\/www.rovia.ch\/wp-content\/uploads\/2022\/10\/title.jpg\",\"contentUrl\":\"https:\/\/www.rovia.ch\/wp-content\/uploads\/2022\/10\/title.jpg\",\"width\":300,\"height\":300},{\"@type\":\"BreadcrumbList\",\"@id\":\"https:\/\/www.rovia.ch\/sanitatsmaterial\/#breadcrumb\",\"itemListElement\":[{\"@type\":\"ListItem\",\"position\":1,\"name\":\"Home\",\"item\":\"https:\/\/www.rovia.ch\/\"},{\"@type\":\"ListItem\",\"position\":2,\"name\":\"Sanit\u00e4tsmaterial\"}]},{\"@type\":\"WebSite\",\"@id\":\"https:\/\/www.rovia.ch\/#website\",\"url\":\"https:\/\/www.rovia.ch\/\",\"name\":\"Rovia GmbH\",\"description\":\"\",\"publisher\":{\"@id\":\"https:\/\/www.rovia.ch\/#organization\"},\"potentialAction\":[{\"@type\":\"SearchAction\",\"target\":{\"@type\":\"EntryPoint\",\"urlTemplate\":\"https:\/\/www.rovia.ch\/?s={search_term_string}\"},\"query-input\":{\"@type\":\"PropertyValueSpecification\",\"valueRequired\":true,\"valueName\":\"search_term_string\"}}],\"inLanguage\":\"fr-FR\"},{\"@type\":\"Organization\",\"@id\":\"https:\/\/www.rovia.ch\/#organization\",\"name\":\"Rovia GmbH\",\"url\":\"https:\/\/www.rovia.ch\/\",\"logo\":{\"@type\":\"ImageObject\",\"inLanguage\":\"fr-FR\",\"@id\":\"https:\/\/www.rovia.ch\/#\/schema\/logo\/image\/\",\"url\":\"https:\/\/rovia.ch\/wp-content\/uploads\/2022\/09\/cropped-1-1.png\",\"contentUrl\":\"https:\/\/rovia.ch\/wp-content\/uploads\/2022\/09\/cropped-1-1.png\",\"width\":512,\"height\":512,\"caption\":\"Rovia GmbH\"},\"image\":{\"@id\":\"https:\/\/www.rovia.ch\/#\/schema\/logo\/image\/\"}}]}<\/script>\n<!-- \/ Yoast SEO plugin. -->","yoast_head_json":{"title":"Sanit\u00e4tsmaterial - Rovia GmbH","description":"Bei der Rovia GmbH finden Sie wichtige Produkte f\u00fcr Feuerwehr- und Rettungseins\u00e4tze wie beispielsweise Sanit\u00e4tsmaterial.","robots":{"index":"index","follow":"follow","max-snippet":"max-snippet:-1","max-image-preview":"max-image-preview:large","max-video-preview":"max-video-preview:-1"},"canonical":"https:\/\/www.rovia.ch\/fr\/sanitatsmaterial\/","og_locale":"fr_FR","og_type":"article","og_title":"Sanit\u00e4tsmaterial - Rovia GmbH","og_description":"Bei der Rovia GmbH finden Sie wichtige Produkte f\u00fcr Feuerwehr- und Rettungseins\u00e4tze wie beispielsweise Sanit\u00e4tsmaterial.","og_url":"https:\/\/www.rovia.ch\/fr\/sanitatsmaterial\/","og_site_name":"Rovia GmbH","article_modified_time":"2023-11-23T13:34:29+00:00","og_image":[{"width":300,"height":300,"url":"https:\/\/www.rovia.ch\/wp-content\/uploads\/2022\/11\/Kopffixierung.jpeg","type":"image\/jpeg"}],"twitter_card":"summary_large_image","twitter_misc":{"Dur\u00e9e de lecture estim\u00e9e":"1 minute"},"schema":{"@context":"https:\/\/schema.org","@graph":[{"@type":"WebPage","@id":"https:\/\/www.rovia.ch\/sanitatsmaterial\/","url":"https:\/\/www.rovia.ch\/sanitatsmaterial\/","name":"Sanit\u00e4tsmaterial - Rovia GmbH","isPartOf":{"@id":"https:\/\/www.rovia.ch\/#website"},"primaryImageOfPage":{"@id":"https:\/\/www.rovia.ch\/sanitatsmaterial\/#primaryimage"},"image":{"@id":"https:\/\/www.rovia.ch\/sanitatsmaterial\/#primaryimage"},"thumbnailUrl":"https:\/\/www.rovia.ch\/wp-content\/uploads\/2022\/10\/title.jpg","datePublished":"2022-10-04T13:50:12+00:00","dateModified":"2023-11-23T13:34:29+00:00","description":"Bei der Rovia GmbH finden Sie wichtige Produkte f\u00fcr Feuerwehr- und Rettungseins\u00e4tze wie beispielsweise Sanit\u00e4tsmaterial.","breadcrumb":{"@id":"https:\/\/www.rovia.ch\/sanitatsmaterial\/#breadcrumb"},"inLanguage":"fr-FR","potentialAction":[{"@type":"ReadAction","target":["https:\/\/www.rovia.ch\/sanitatsmaterial\/"]}]},{"@type":"ImageObject","inLanguage":"fr-FR","@id":"https:\/\/www.rovia.ch\/sanitatsmaterial\/#primaryimage","url":"https:\/\/www.rovia.ch\/wp-content\/uploads\/2022\/10\/title.jpg","contentUrl":"https:\/\/www.rovia.ch\/wp-content\/uploads\/2022\/10\/title.jpg","width":300,"height":300},{"@type":"BreadcrumbList","@id":"https:\/\/www.rovia.ch\/sanitatsmaterial\/#breadcrumb","itemListElement":[{"@type":"ListItem","position":1,"name":"Home","item":"https:\/\/www.rovia.ch\/"},{"@type":"ListItem","position":2,"name":"Sanit\u00e4tsmaterial"}]},{"@type":"WebSite","@id":"https:\/\/www.rovia.ch\/#website","url":"https:\/\/www.rovia.ch\/","name":"Rovia GmbH","description":"","publisher":{"@id":"https:\/\/www.rovia.ch\/#organization"},"potentialAction":[{"@type":"SearchAction","target":{"@type":"EntryPoint","urlTemplate":"https:\/\/www.rovia.ch\/?s={search_term_string}"},"query-input":{"@type":"PropertyValueSpecification","valueRequired":true,"valueName":"search_term_string"}}],"inLanguage":"fr-FR"},{"@type":"Organization","@id":"https:\/\/www.rovia.ch\/#organization","name":"Rovia GmbH","url":"https:\/\/www.rovia.ch\/","logo":{"@type":"ImageObject","inLanguage":"fr-FR","@id":"https:\/\/www.rovia.ch\/#\/schema\/logo\/image\/","url":"https:\/\/rovia.ch\/wp-content\/uploads\/2022\/09\/cropped-1-1.png","contentUrl":"https:\/\/rovia.ch\/wp-content\/uploads\/2022\/09\/cropped-1-1.png","width":512,"height":512,"caption":"Rovia GmbH"},"image":{"@id":"https:\/\/www.rovia.ch\/#\/schema\/logo\/image\/"}}]}},"_links":{"self":[{"href":"https:\/\/www.rovia.ch\/fr\/wp-json\/wp\/v2\/pages\/29774","targetHints":{"allow":["GET"]}}],"collection":[{"href":"https:\/\/www.rovia.ch\/fr\/wp-json\/wp\/v2\/pages"}],"about":[{"href":"https:\/\/www.rovia.ch\/fr\/wp-json\/wp\/v2\/types\/page"}],"author":[{"embeddable":true,"href":"https:\/\/www.rovia.ch\/fr\/wp-json\/wp\/v2\/users\/2"}],"replies":[{"embeddable":true,"href":"https:\/\/www.rovia.ch\/fr\/wp-json\/wp\/v2\/comments?post=29774"}],"version-history":[{"count":14,"href":"https:\/\/www.rovia.ch\/fr\/wp-json\/wp\/v2\/pages\/29774\/revisions"}],"predecessor-version":[{"id":42623,"href":"https:\/\/www.rovia.ch\/fr\/wp-json\/wp\/v2\/pages\/29774\/revisions\/42623"}],"wp:featuredmedia":[{"embeddable":true,"href":"https:\/\/www.rovia.ch\/fr\/wp-json\/wp\/v2\/media\/32453"}],"wp:attachment":[{"href":"https:\/\/www.rovia.ch\/fr\/wp-json\/wp\/v2\/media?parent=29774"}],"curies":[{"name":"wp","href":"https:\/\/api.w.org\/{rel}","templated":true}]}}