{"id":28961,"date":"2022-09-16T10:33:13","date_gmt":"2022-09-16T08:33:13","guid":{"rendered":"https:\/\/br10.brentex-webprojekt.ch\/?page_id=28961"},"modified":"2023-11-23T14:50:38","modified_gmt":"2023-11-23T13:50:38","slug":"unternehmen","status":"publish","type":"page","link":"https:\/\/www.rovia.ch\/fr\/uber-uns\/unternehmen\/","title":{"rendered":"Entreprise"},"content":{"rendered":"<div data-elementor-type=\"wp-page\" data-elementor-id=\"28961\" class=\"elementor elementor-28961\" data-elementor-settings=\"{&quot;ha_cmc_init_switcher&quot;:&quot;no&quot;}\" data-elementor-post-type=\"page\">\n\t\t\t\t\t\t<section class=\"elementor-section elementor-top-section elementor-element elementor-element-2540d82 elementor-section-height-min-height elementor-section-items-stretch elementor-reverse-tablet elementor-reverse-mobile elementor-section-boxed elementor-section-height-default\" data-id=\"2540d82\" data-element_type=\"section\" data-settings=\"{&quot;background_background&quot;:&quot;classic&quot;,&quot;_ha_eqh_enable&quot;:false}\">\n\t\t\t\t\t\t<div class=\"elementor-container elementor-column-gap-default\">\n\t\t\t\t\t<div class=\"elementor-column elementor-col-50 elementor-top-column elementor-element elementor-element-ed30125\" data-id=\"ed30125\" data-element_type=\"column\" data-settings=\"{&quot;background_background&quot;:&quot;classic&quot;}\">\n\t\t\t<div class=\"elementor-widget-wrap elementor-element-populated\">\n\t\t\t\t\t\t<div class=\"elementor-element elementor-element-a0c5652 elementor-widget elementor-widget-spacer\" data-id=\"a0c5652\" data-element_type=\"widget\" data-widget_type=\"spacer.default\">\n\t\t\t\t<div class=\"elementor-widget-container\">\n\t\t\t\t\t\t\t<div class=\"elementor-spacer\">\n\t\t\t<div class=\"elementor-spacer-inner\"><\/div>\n\t\t<\/div>\n\t\t\t\t\t\t<\/div>\n\t\t\t\t<\/div>\n\t\t\t\t\t<\/div>\n\t\t<\/div>\n\t\t\t\t<div class=\"elementor-column elementor-col-50 elementor-top-column elementor-element elementor-element-5620571\" data-id=\"5620571\" data-element_type=\"column\">\n\t\t\t<div class=\"elementor-widget-wrap elementor-element-populated\">\n\t\t\t\t\t\t<div class=\"elementor-element elementor-element-f10652c elementor-list-item-link-inline elementor-icon-list--layout-traditional elementor-widget elementor-widget-icon-list\" data-id=\"f10652c\" data-element_type=\"widget\" data-widget_type=\"icon-list.default\">\n\t\t\t\t<div class=\"elementor-widget-container\">\n\t\t\t\t\t\t\t<ul class=\"elementor-icon-list-items\">\n\t\t\t\t\t\t\t<li class=\"elementor-icon-list-item\">\n\t\t\t\t\t\t\t\t\t\t\t<span class=\"elementor-icon-list-icon\">\n\t\t\t\t\t\t\t<i aria-hidden=\"true\" class=\"fas fa-chevron-circle-right\"><\/i>\t\t\t\t\t\t<\/span>\n\t\t\t\t\t\t\t\t\t\t<span class=\"elementor-icon-list-text\">Entreprise<\/span>\n\t\t\t\t\t\t\t\t\t<\/li>\n\t\t\t\t\t\t<\/ul>\n\t\t\t\t\t\t<\/div>\n\t\t\t\t<\/div>\n\t\t\t\t<div class=\"elementor-element elementor-element-f5a4a71 elementor-widget elementor-widget-heading\" data-id=\"f5a4a71\" data-element_type=\"widget\" data-widget_type=\"heading.default\">\n\t\t\t\t<div class=\"elementor-widget-container\">\n\t\t\t\t\t<h2 class=\"elementor-heading-title elementor-size-default\">Votre fournisseur<\/h2>\t\t\t\t<\/div>\n\t\t\t\t<\/div>\n\t\t\t\t<div class=\"elementor-element elementor-element-efba2bd elementor-widget elementor-widget-text-editor\" data-id=\"efba2bd\" data-element_type=\"widget\" data-widget_type=\"text-editor.default\">\n\t\t\t\t<div class=\"elementor-widget-container\">\n\t\t\t\t\t\t\t\t\t<p>Pour les pompiers, nous proposons l'\u00e9quipement parfait, qu'il s'agisse d'un \u00e9quipement standard ou d'une solution \u00e0 un probl\u00e8me. Nous nous r\u00e9jouissons de pouvoir vous conseiller.\u00a0<\/p>\t\t\t\t\t\t\t\t<\/div>\n\t\t\t\t<\/div>\n\t\t\t\t\t<\/div>\n\t\t<\/div>\n\t\t\t\t\t<\/div>\n\t\t<\/section>\n\t\t\t\t<section class=\"elementor-section elementor-top-section elementor-element elementor-element-b5a9382 elementor-section-boxed elementor-section-height-default elementor-section-height-default\" data-id=\"b5a9382\" data-element_type=\"section\" data-settings=\"{&quot;background_background&quot;:&quot;classic&quot;,&quot;_ha_eqh_enable&quot;:false}\">\n\t\t\t\t\t\t<div class=\"elementor-container elementor-column-gap-default\">\n\t\t\t\t\t<div class=\"elementor-column elementor-col-100 elementor-top-column elementor-element elementor-element-943e77c\" data-id=\"943e77c\" data-element_type=\"column\">\n\t\t\t<div class=\"elementor-widget-wrap elementor-element-populated\">\n\t\t\t\t\t\t<div class=\"elementor-element elementor-element-cd0495d elementor-widget elementor-widget-heading\" data-id=\"cd0495d\" data-element_type=\"widget\" data-settings=\"{&quot;motion_fx_motion_fx_scrolling&quot;:&quot;yes&quot;,&quot;motion_fx_opacity_effect&quot;:&quot;yes&quot;,&quot;motion_fx_opacity_direction&quot;:&quot;out-in-out&quot;,&quot;motion_fx_opacity_range&quot;:{&quot;unit&quot;:&quot;%&quot;,&quot;size&quot;:&quot;&quot;,&quot;sizes&quot;:{&quot;start&quot;:20,&quot;end&quot;:85}},&quot;motion_fx_opacity_level&quot;:{&quot;unit&quot;:&quot;px&quot;,&quot;size&quot;:10,&quot;sizes&quot;:[]},&quot;motion_fx_devices&quot;:[&quot;desktop&quot;,&quot;tablet&quot;,&quot;mobile&quot;]}\" data-widget_type=\"heading.default\">\n\t\t\t\t<div class=\"elementor-widget-container\">\n\t\t\t\t\t<h2 class=\"elementor-heading-title elementor-size-default\">20 ANS<\/h2>\t\t\t\t<\/div>\n\t\t\t\t<\/div>\n\t\t\t\t<section class=\"elementor-section elementor-inner-section elementor-element elementor-element-58734c0 elementor-section-full_width elementor-section-height-default elementor-section-height-default\" data-id=\"58734c0\" data-element_type=\"section\" data-settings=\"{&quot;_ha_eqh_enable&quot;:false}\">\n\t\t\t\t\t\t<div class=\"elementor-container elementor-column-gap-default\">\n\t\t\t\t\t<div class=\"elementor-column elementor-col-50 elementor-inner-column elementor-element elementor-element-1206af0\" data-id=\"1206af0\" data-element_type=\"column\">\n\t\t\t<div class=\"elementor-widget-wrap elementor-element-populated\">\n\t\t\t\t\t\t<div class=\"elementor-element elementor-element-e588b8e elementor-widget elementor-widget-heading\" data-id=\"e588b8e\" data-element_type=\"widget\" data-widget_type=\"heading.default\">\n\t\t\t\t<div class=\"elementor-widget-container\">\n\t\t\t\t\t<h2 class=\"elementor-heading-title elementor-size-default\">Professionnel, exp\u00e9riment\u00e9 et s\u00fbr - C\u2019est Rovia. Vous pouvez compter sur notre qualit\u00e9<\/h2>\t\t\t\t<\/div>\n\t\t\t\t<\/div>\n\t\t\t\t<div class=\"elementor-element elementor-element-f448732 elementor-widget elementor-widget-text-editor\" data-id=\"f448732\" data-element_type=\"widget\" data-widget_type=\"text-editor.default\">\n\t\t\t\t<div class=\"elementor-widget-container\">\n\t\t\t\t\t\t\t\t\t<p>Vos besoins sont d'une grande importance pour nous. Nous ne voulons pas seulement vous satisfaire avec notre offre et le service que nous proposons, nous voulons vous enthousiasmer! La s\u00e9curit\u00e9 est une priorit\u00e9 absolue dans le domaine de la technique de sauvetage et c'est pourquoi il est d'autant plus important pour nous d'offrir \u00e0 nos clients des conseils complets et un service optimal. Chez Rovia, vous pouvez compter sur les meilleures solutions et les plus s\u00fbres. Nous sommes sp\u00e9cialis\u00e9s dans notre domaine et nous vous transmettons volontiers notre savoir-faire, car la satisfaction de nos clients nous tient \u00e0 c\u0153ur.<\/p>\t\t\t\t\t\t\t\t<\/div>\n\t\t\t\t<\/div>\n\t\t\t\t\t<\/div>\n\t\t<\/div>\n\t\t\t\t<div class=\"elementor-column elementor-col-50 elementor-inner-column elementor-element elementor-element-5bd81f8\" data-id=\"5bd81f8\" data-element_type=\"column\" data-settings=\"{&quot;background_background&quot;:&quot;classic&quot;}\">\n\t\t\t<div class=\"elementor-widget-wrap elementor-element-populated\">\n\t\t\t\t\t\t<div class=\"elementor-element elementor-element-0c58b47 elementor-widget elementor-widget-spacer\" data-id=\"0c58b47\" data-element_type=\"widget\" data-widget_type=\"spacer.default\">\n\t\t\t\t<div class=\"elementor-widget-container\">\n\t\t\t\t\t\t\t<div class=\"elementor-spacer\">\n\t\t\t<div class=\"elementor-spacer-inner\"><\/div>\n\t\t<\/div>\n\t\t\t\t\t\t<\/div>\n\t\t\t\t<\/div>\n\t\t\t\t\t<\/div>\n\t\t<\/div>\n\t\t\t\t\t<\/div>\n\t\t<\/section>\n\t\t\t\t\t<\/div>\n\t\t<\/div>\n\t\t\t\t\t<\/div>\n\t\t<\/section>\n\t\t\t\t<\/div>","protected":false},"excerpt":{"rendered":"<p>Unternehmen Ihr Ausr\u00fcster F\u00fcr die Feuerwehr bieten wir die perfekte Ausr\u00fcstung, ob es um eine Standardausr\u00fcstung oder eine Probleml\u00f6sung handelt. Wir freuen uns, Sie beraten zu d\u00fcrfen.&nbsp; 20 J\u00e4hrige Professionell, erfahren und sicher \u2013 das ist Rovia. Auf unsere Qualit\u00e4t ist Verlass Ihre Bed\u00fcrfnisse sind f\u00fcr uns an grosser Bedeutung. Wir wollen Sie mit unserem [&hellip;]<\/p>","protected":false},"author":2,"featured_media":42108,"parent":28855,"menu_order":1,"comment_status":"closed","ping_status":"closed","template":"elementor_header_footer","meta":{"footnotes":""},"class_list":["post-28961","page","type-page","status-publish","has-post-thumbnail","hentry"],"yoast_head":"<!-- This site is optimized with the Yoast SEO plugin v25.2 - https:\/\/yoast.com\/wordpress\/plugins\/seo\/ -->\n<title>Unternehmen - Rovia GmbH<\/title>\n<meta name=\"description\" content=\"Die Rovia GmbH ist Ihr Ausr\u00fcster f\u00fcr die Feuerwehr. Wir bieten die perfekte Ausr\u00fcstung, ob Standardausr\u00fcstung oder spezielle Probleml\u00f6sung.\" \/>\n<meta name=\"robots\" content=\"index, follow, max-snippet:-1, max-image-preview:large, max-video-preview:-1\" \/>\n<link rel=\"canonical\" href=\"https:\/\/www.rovia.ch\/fr\/uber-uns\/unternehmen\/\" \/>\n<meta property=\"og:locale\" content=\"fr_FR\" \/>\n<meta property=\"og:type\" content=\"article\" \/>\n<meta property=\"og:title\" content=\"Unternehmen - Rovia GmbH\" \/>\n<meta property=\"og:description\" content=\"Die Rovia GmbH ist Ihr Ausr\u00fcster f\u00fcr die Feuerwehr. Wir bieten die perfekte Ausr\u00fcstung, ob Standardausr\u00fcstung oder spezielle Probleml\u00f6sung.\" \/>\n<meta property=\"og:url\" content=\"https:\/\/www.rovia.ch\/fr\/uber-uns\/unternehmen\/\" \/>\n<meta property=\"og:site_name\" content=\"Rovia GmbH\" \/>\n<meta property=\"article:modified_time\" content=\"2023-11-23T13:50:38+00:00\" \/>\n<meta property=\"og:image\" content=\"https:\/\/www.rovia.ch\/wp-content\/uploads\/2023\/03\/Rovia.jpg\" \/>\n\t<meta property=\"og:image:width\" content=\"1024\" \/>\n\t<meta property=\"og:image:height\" content=\"1024\" \/>\n\t<meta property=\"og:image:type\" content=\"image\/jpeg\" \/>\n<meta name=\"twitter:card\" content=\"summary_large_image\" \/>\n<meta name=\"twitter:label1\" content=\"Dur\u00e9e de lecture estim\u00e9e\" \/>\n\t<meta name=\"twitter:data1\" content=\"1 minute\" \/>\n<script type=\"application\/ld+json\" class=\"yoast-schema-graph\">{\"@context\":\"https:\/\/schema.org\",\"@graph\":[{\"@type\":\"WebPage\",\"@id\":\"https:\/\/www.rovia.ch\/uber-uns\/unternehmen\/\",\"url\":\"https:\/\/www.rovia.ch\/uber-uns\/unternehmen\/\",\"name\":\"Unternehmen - Rovia GmbH\",\"isPartOf\":{\"@id\":\"https:\/\/www.rovia.ch\/#website\"},\"primaryImageOfPage\":{\"@id\":\"https:\/\/www.rovia.ch\/uber-uns\/unternehmen\/#primaryimage\"},\"image\":{\"@id\":\"https:\/\/www.rovia.ch\/uber-uns\/unternehmen\/#primaryimage\"},\"thumbnailUrl\":\"https:\/\/www.rovia.ch\/wp-content\/uploads\/2023\/03\/Rovia.jpg\",\"datePublished\":\"2022-09-16T08:33:13+00:00\",\"dateModified\":\"2023-11-23T13:50:38+00:00\",\"description\":\"Die Rovia GmbH ist Ihr Ausr\u00fcster f\u00fcr die Feuerwehr. Wir bieten die perfekte Ausr\u00fcstung, ob Standardausr\u00fcstung oder spezielle Probleml\u00f6sung.\",\"breadcrumb\":{\"@id\":\"https:\/\/www.rovia.ch\/uber-uns\/unternehmen\/#breadcrumb\"},\"inLanguage\":\"fr-FR\",\"potentialAction\":[{\"@type\":\"ReadAction\",\"target\":[\"https:\/\/www.rovia.ch\/uber-uns\/unternehmen\/\"]}]},{\"@type\":\"ImageObject\",\"inLanguage\":\"fr-FR\",\"@id\":\"https:\/\/www.rovia.ch\/uber-uns\/unternehmen\/#primaryimage\",\"url\":\"https:\/\/www.rovia.ch\/wp-content\/uploads\/2023\/03\/Rovia.jpg\",\"contentUrl\":\"https:\/\/www.rovia.ch\/wp-content\/uploads\/2023\/03\/Rovia.jpg\",\"width\":1024,\"height\":1024},{\"@type\":\"BreadcrumbList\",\"@id\":\"https:\/\/www.rovia.ch\/uber-uns\/unternehmen\/#breadcrumb\",\"itemListElement\":[{\"@type\":\"ListItem\",\"position\":1,\"name\":\"Home\",\"item\":\"https:\/\/www.rovia.ch\/\"},{\"@type\":\"ListItem\",\"position\":2,\"name\":\"\u00dcber uns\",\"item\":\"https:\/\/www.rovia.ch\/uber-uns\/\"},{\"@type\":\"ListItem\",\"position\":3,\"name\":\"Unternehmen\"}]},{\"@type\":\"WebSite\",\"@id\":\"https:\/\/www.rovia.ch\/#website\",\"url\":\"https:\/\/www.rovia.ch\/\",\"name\":\"Rovia GmbH\",\"description\":\"\",\"publisher\":{\"@id\":\"https:\/\/www.rovia.ch\/#organization\"},\"potentialAction\":[{\"@type\":\"SearchAction\",\"target\":{\"@type\":\"EntryPoint\",\"urlTemplate\":\"https:\/\/www.rovia.ch\/?s={search_term_string}\"},\"query-input\":{\"@type\":\"PropertyValueSpecification\",\"valueRequired\":true,\"valueName\":\"search_term_string\"}}],\"inLanguage\":\"fr-FR\"},{\"@type\":\"Organization\",\"@id\":\"https:\/\/www.rovia.ch\/#organization\",\"name\":\"Rovia GmbH\",\"url\":\"https:\/\/www.rovia.ch\/\",\"logo\":{\"@type\":\"ImageObject\",\"inLanguage\":\"fr-FR\",\"@id\":\"https:\/\/www.rovia.ch\/#\/schema\/logo\/image\/\",\"url\":\"https:\/\/rovia.ch\/wp-content\/uploads\/2022\/09\/cropped-1-1.png\",\"contentUrl\":\"https:\/\/rovia.ch\/wp-content\/uploads\/2022\/09\/cropped-1-1.png\",\"width\":512,\"height\":512,\"caption\":\"Rovia GmbH\"},\"image\":{\"@id\":\"https:\/\/www.rovia.ch\/#\/schema\/logo\/image\/\"}}]}<\/script>\n<!-- \/ Yoast SEO plugin. -->","yoast_head_json":{"title":"Unternehmen - Rovia GmbH","description":"Die Rovia GmbH ist Ihr Ausr\u00fcster f\u00fcr die Feuerwehr. Wir bieten die perfekte Ausr\u00fcstung, ob Standardausr\u00fcstung oder spezielle Probleml\u00f6sung.","robots":{"index":"index","follow":"follow","max-snippet":"max-snippet:-1","max-image-preview":"max-image-preview:large","max-video-preview":"max-video-preview:-1"},"canonical":"https:\/\/www.rovia.ch\/fr\/uber-uns\/unternehmen\/","og_locale":"fr_FR","og_type":"article","og_title":"Unternehmen - Rovia GmbH","og_description":"Die Rovia GmbH ist Ihr Ausr\u00fcster f\u00fcr die Feuerwehr. Wir bieten die perfekte Ausr\u00fcstung, ob Standardausr\u00fcstung oder spezielle Probleml\u00f6sung.","og_url":"https:\/\/www.rovia.ch\/fr\/uber-uns\/unternehmen\/","og_site_name":"Rovia GmbH","article_modified_time":"2023-11-23T13:50:38+00:00","og_image":[{"width":1024,"height":1024,"url":"https:\/\/www.rovia.ch\/wp-content\/uploads\/2023\/03\/Rovia.jpg","type":"image\/jpeg"}],"twitter_card":"summary_large_image","twitter_misc":{"Dur\u00e9e de lecture estim\u00e9e":"1 minute"},"schema":{"@context":"https:\/\/schema.org","@graph":[{"@type":"WebPage","@id":"https:\/\/www.rovia.ch\/uber-uns\/unternehmen\/","url":"https:\/\/www.rovia.ch\/uber-uns\/unternehmen\/","name":"Unternehmen - Rovia GmbH","isPartOf":{"@id":"https:\/\/www.rovia.ch\/#website"},"primaryImageOfPage":{"@id":"https:\/\/www.rovia.ch\/uber-uns\/unternehmen\/#primaryimage"},"image":{"@id":"https:\/\/www.rovia.ch\/uber-uns\/unternehmen\/#primaryimage"},"thumbnailUrl":"https:\/\/www.rovia.ch\/wp-content\/uploads\/2023\/03\/Rovia.jpg","datePublished":"2022-09-16T08:33:13+00:00","dateModified":"2023-11-23T13:50:38+00:00","description":"Die Rovia GmbH ist Ihr Ausr\u00fcster f\u00fcr die Feuerwehr. Wir bieten die perfekte Ausr\u00fcstung, ob Standardausr\u00fcstung oder spezielle Probleml\u00f6sung.","breadcrumb":{"@id":"https:\/\/www.rovia.ch\/uber-uns\/unternehmen\/#breadcrumb"},"inLanguage":"fr-FR","potentialAction":[{"@type":"ReadAction","target":["https:\/\/www.rovia.ch\/uber-uns\/unternehmen\/"]}]},{"@type":"ImageObject","inLanguage":"fr-FR","@id":"https:\/\/www.rovia.ch\/uber-uns\/unternehmen\/#primaryimage","url":"https:\/\/www.rovia.ch\/wp-content\/uploads\/2023\/03\/Rovia.jpg","contentUrl":"https:\/\/www.rovia.ch\/wp-content\/uploads\/2023\/03\/Rovia.jpg","width":1024,"height":1024},{"@type":"BreadcrumbList","@id":"https:\/\/www.rovia.ch\/uber-uns\/unternehmen\/#breadcrumb","itemListElement":[{"@type":"ListItem","position":1,"name":"Home","item":"https:\/\/www.rovia.ch\/"},{"@type":"ListItem","position":2,"name":"\u00dcber uns","item":"https:\/\/www.rovia.ch\/uber-uns\/"},{"@type":"ListItem","position":3,"name":"Unternehmen"}]},{"@type":"WebSite","@id":"https:\/\/www.rovia.ch\/#website","url":"https:\/\/www.rovia.ch\/","name":"Rovia GmbH","description":"","publisher":{"@id":"https:\/\/www.rovia.ch\/#organization"},"potentialAction":[{"@type":"SearchAction","target":{"@type":"EntryPoint","urlTemplate":"https:\/\/www.rovia.ch\/?s={search_term_string}"},"query-input":{"@type":"PropertyValueSpecification","valueRequired":true,"valueName":"search_term_string"}}],"inLanguage":"fr-FR"},{"@type":"Organization","@id":"https:\/\/www.rovia.ch\/#organization","name":"Rovia GmbH","url":"https:\/\/www.rovia.ch\/","logo":{"@type":"ImageObject","inLanguage":"fr-FR","@id":"https:\/\/www.rovia.ch\/#\/schema\/logo\/image\/","url":"https:\/\/rovia.ch\/wp-content\/uploads\/2022\/09\/cropped-1-1.png","contentUrl":"https:\/\/rovia.ch\/wp-content\/uploads\/2022\/09\/cropped-1-1.png","width":512,"height":512,"caption":"Rovia GmbH"},"image":{"@id":"https:\/\/www.rovia.ch\/#\/schema\/logo\/image\/"}}]}},"_links":{"self":[{"href":"https:\/\/www.rovia.ch\/fr\/wp-json\/wp\/v2\/pages\/28961","targetHints":{"allow":["GET"]}}],"collection":[{"href":"https:\/\/www.rovia.ch\/fr\/wp-json\/wp\/v2\/pages"}],"about":[{"href":"https:\/\/www.rovia.ch\/fr\/wp-json\/wp\/v2\/types\/page"}],"author":[{"embeddable":true,"href":"https:\/\/www.rovia.ch\/fr\/wp-json\/wp\/v2\/users\/2"}],"replies":[{"embeddable":true,"href":"https:\/\/www.rovia.ch\/fr\/wp-json\/wp\/v2\/comments?post=28961"}],"version-history":[{"count":137,"href":"https:\/\/www.rovia.ch\/fr\/wp-json\/wp\/v2\/pages\/28961\/revisions"}],"predecessor-version":[{"id":42630,"href":"https:\/\/www.rovia.ch\/fr\/wp-json\/wp\/v2\/pages\/28961\/revisions\/42630"}],"up":[{"embeddable":true,"href":"https:\/\/www.rovia.ch\/fr\/wp-json\/wp\/v2\/pages\/28855"}],"wp:featuredmedia":[{"embeddable":true,"href":"https:\/\/www.rovia.ch\/fr\/wp-json\/wp\/v2\/media\/42108"}],"wp:attachment":[{"href":"https:\/\/www.rovia.ch\/fr\/wp-json\/wp\/v2\/media?parent=28961"}],"curies":[{"name":"wp","href":"https:\/\/api.w.org\/{rel}","templated":true}]}}