{"id":28873,"date":"2020-10-14T14:47:37","date_gmt":"2020-10-14T12:47:37","guid":{"rendered":"https:\/\/br10.brentex-webprojekt.ch\/?page_id=28873"},"modified":"2022-11-03T08:28:41","modified_gmt":"2022-11-03T07:28:41","slug":"datenschutz","status":"publish","type":"page","link":"https:\/\/www.rovia.ch\/fr\/datenschutz\/","title":{"rendered":"Protection des donn\u00e9es"},"content":{"rendered":"<div data-elementor-type=\"wp-page\" data-elementor-id=\"28873\" class=\"elementor elementor-28873\" data-elementor-settings=\"{&quot;ha_cmc_init_switcher&quot;:&quot;no&quot;}\" data-elementor-post-type=\"page\">\n\t\t\t\t\t\t<section class=\"elementor-section elementor-top-section elementor-element elementor-element-61443cc elementor-section-boxed elementor-section-height-default elementor-section-height-default\" data-id=\"61443cc\" data-element_type=\"section\" data-settings=\"{&quot;background_background&quot;:&quot;classic&quot;,&quot;_ha_eqh_enable&quot;:false}\">\n\t\t\t\t\t\t<div class=\"elementor-container elementor-column-gap-default\">\n\t\t\t\t\t<div class=\"elementor-column elementor-col-100 elementor-top-column elementor-element elementor-element-cb38ee0\" data-id=\"cb38ee0\" data-element_type=\"column\">\n\t\t\t<div class=\"elementor-widget-wrap elementor-element-populated\">\n\t\t\t\t\t\t<div class=\"elementor-element elementor-element-5978e5e elementor-widget elementor-widget-heading\" data-id=\"5978e5e\" data-element_type=\"widget\" data-widget_type=\"heading.default\">\n\t\t\t\t<div class=\"elementor-widget-container\">\n\t\t\t\t\t<h1 class=\"elementor-heading-title elementor-size-default\">Protection des donn\u00e9es<\/h1>\t\t\t\t<\/div>\n\t\t\t\t<\/div>\n\t\t\t\t<div class=\"elementor-element elementor-element-07fba52 elementor-widget elementor-widget-heading\" data-id=\"07fba52\" data-element_type=\"widget\" data-widget_type=\"heading.default\">\n\t\t\t\t<div class=\"elementor-widget-container\">\n\t\t\t\t\t<h3 class=\"elementor-heading-title elementor-size-default\">Informations g\u00e9n\u00e9rales<\/h3>\t\t\t\t<\/div>\n\t\t\t\t<\/div>\n\t\t\t\t<div class=\"elementor-element elementor-element-83d23db elementor-widget elementor-widget-text-editor\" data-id=\"83d23db\" data-element_type=\"widget\" data-widget_type=\"text-editor.default\">\n\t\t\t\t<div class=\"elementor-widget-container\">\n\t\t\t\t\t\t\t\t\t<p>Nous accordons une grande importance \u00e0 la protection de vos donn\u00e9es. C'est pourquoi nous traitons de mani\u00e8re confidentielle les donn\u00e9es que vous nous envoyez volontairement via notre formulaire de contact. Vos donn\u00e9es seront uniquement utilis\u00e9es dans le cadre de votre demande et ne seront pas transmises \u00e0 des tiers. Si vous demandez des informations, le blocage ou la suppression de vos donn\u00e9es chez nous, nous y donnerons suite si la loi le permet.<\/p>\t\t\t\t\t\t\t\t<\/div>\n\t\t\t\t<\/div>\n\t\t\t\t<div class=\"elementor-element elementor-element-ccbba03 elementor-widget elementor-widget-heading\" data-id=\"ccbba03\" data-element_type=\"widget\" data-widget_type=\"heading.default\">\n\t\t\t\t<div class=\"elementor-widget-container\">\n\t\t\t\t\t<h3 class=\"elementor-heading-title elementor-size-default\">Cookies<\/h3>\t\t\t\t<\/div>\n\t\t\t\t<\/div>\n\t\t\t\t<div class=\"elementor-element elementor-element-cb85ba0 elementor-widget elementor-widget-text-editor\" data-id=\"cb85ba0\" data-element_type=\"widget\" data-widget_type=\"text-editor.default\">\n\t\t\t\t<div class=\"elementor-widget-container\">\n\t\t\t\t\t\t\t\t\t<p>Notre site utilise des cookies. Les cookies sont de petits fichiers qui sont stock\u00e9s sur votre support de donn\u00e9es et rendent votre visite sur notre site Web plus efficace. Les cookies ne sont pas nocifs pour votre support de donn\u00e9es.<\/p><p>La plupart des cookies, appel\u00e9s cookies de session, sont automatiquement supprim\u00e9s \u00e0 la fin de votre visite sur notre site. Le fait est que vous n'avez pas \u00e0 r\u00e9p\u00e9ter les m\u00eames entr\u00e9es. Les autres cookies ne sont pas supprim\u00e9s automatiquement, mais vous pouvez les supprimer vous-m\u00eame. Leur objectif est que nous vous reconnaissions \u00e0 nouveau la prochaine fois que vous visiterez notre site Web. Bien s\u00fbr, vous pouvez \u00e9galement d\u00e9sactiver les cookies en g\u00e9n\u00e9ral.<\/p>\t\t\t\t\t\t\t\t<\/div>\n\t\t\t\t<\/div>\n\t\t\t\t<div class=\"elementor-element elementor-element-587ae9e elementor-widget elementor-widget-heading\" data-id=\"587ae9e\" data-element_type=\"widget\" data-widget_type=\"heading.default\">\n\t\t\t\t<div class=\"elementor-widget-container\">\n\t\t\t\t\t<h3 class=\"elementor-heading-title elementor-size-default\">Google Analytics<\/h3>\t\t\t\t<\/div>\n\t\t\t\t<\/div>\n\t\t\t\t<div class=\"elementor-element elementor-element-7f8e80c elementor-widget elementor-widget-text-editor\" data-id=\"7f8e80c\" data-element_type=\"widget\" data-widget_type=\"text-editor.default\">\n\t\t\t\t<div class=\"elementor-widget-container\">\n\t\t\t\t\t\t\t\t\t<p>Notre site Web utilise \u00abGoogle Analytics\u00bb, un service propos\u00e9 par Google Inc. pour analyser l'utilisation du site Web. Les cookies sont utilis\u00e9s pour envoyer des informations de votre appareil \u00e0 un serveur Google aux \u00c9tats-Unis, les \u00e9valuer et les enregistrer. Il est possible que Google transf\u00e8re ces informations \u00e0 des tiers.<\/p><p>Si vous souhaitez plus d'informations sur la collecte de donn\u00e9es par Google Analytics, n'h\u00e9sitez pas \u00e0 suivre ce lien:<br \/><span style=\"color: #7a7a7a;\"><strong><a style=\"color: #7a7a7a;\" href=\"https:\/\/support.google.com\/analytics\/answer\/6004245?hl=de\" target=\"_blank\" rel=\"noopener\">Cliquez ici<\/a><\/strong><\/span><\/p><p>En installant le plugin suivant, vous pouvez emp\u00eacher la collecte et le stockage de vos donn\u00e9es par les cookies et l'envoi de ces donn\u00e9es \u00e0 Google:<br \/><span style=\"color: #7a7a7a;\"><strong><a style=\"color: #7a7a7a;\" href=\"https:\/\/tools.google.com\/dlpage\/gaoptout?hl=de.\" target=\"_blank\" rel=\"noopener\">Cliquez ici<\/a><\/strong><\/span><\/p>\t\t\t\t\t\t\t\t<\/div>\n\t\t\t\t<\/div>\n\t\t\t\t<div class=\"elementor-element elementor-element-a03ae70 elementor-widget elementor-widget-heading\" data-id=\"a03ae70\" data-element_type=\"widget\" data-widget_type=\"heading.default\">\n\t\t\t\t<div class=\"elementor-widget-container\">\n\t\t\t\t\t<h3 class=\"elementor-heading-title elementor-size-default\">Facebook pixel<\/h3>\t\t\t\t<\/div>\n\t\t\t\t<\/div>\n\t\t\t\t<div class=\"elementor-element elementor-element-52bba0f elementor-widget elementor-widget-text-editor\" data-id=\"52bba0f\" data-element_type=\"widget\" data-widget_type=\"text-editor.default\">\n\t\t\t\t<div class=\"elementor-widget-container\">\n\t\t\t\t\t\t\t\t\t<p>Ce site Web utilise \u00abFacebook Pixel\u00bb, un code \u00e9mis par la plate-forme de m\u00e9dias sociaux \u00abFacebook\u00bb (soci\u00e9t\u00e9 Facebook Ireland Ltd., 4 Grand Canal Square, Grand Canal Harbour, Dublin 2 Irlande) afin de rendre les campagnes publicitaires plus efficaces.<\/p><p>Le code mis en \u0153uvre sur ce site Web utilise des cookies pour \u00e9valuer le comportement des visiteurs de notre site Web qui ont atterri ici via Facebook ou la publicit\u00e9. Les donn\u00e9es collect\u00e9es sont enregistr\u00e9es par Facebook, mais nous ne pouvons pas les voir et ne peuvent \u00eatre utilis\u00e9es que dans le cadre de la campagne publicitaire sur Facebook lui-m\u00eame.<\/p><p>D\u00e9couvrez comment le pixel Facebook est utilis\u00e9 pour les campagnes publicitaires :<br \/><span style=\"color: #7a7a7a;\"><strong><a style=\"color: #7a7a7a;\" href=\"https:\/\/www.facebook.com\/business\/learn\/facebook-ads-pixel\" target=\"_blank\" rel=\"noopener\">Cliquez ici<\/a><\/strong><\/span><\/p><p>Modifier vos param\u00e8tres pour les publicit\u00e9s sur Facebook (si vous avez un compte sur Facebook et que vous \u00eates connect\u00e9):<br \/><span style=\"color: #7a7a7a;\"><strong><a style=\"color: #7a7a7a;\" href=\"https:\/\/www.facebook.com\/login.php?next=https%3A%2F%2Fwww.facebook.com%2Fads%2Fpreferences%2F%3Fentry_product%3Dad_settings_screen\" target=\"_blank\" rel=\"noopener\">Cliquez ici<\/a><\/strong><\/span><\/p><p>Plus d'informations sur la politique de confidentialit\u00e9 de Facebook:<br \/><span style=\"color: #7a7a7a;\"><strong><a style=\"color: #7a7a7a;\" href=\"https:\/\/www.facebook.com\/policy.php\" target=\"_blank\" rel=\"noopener\">Cliquez ici<\/a><\/strong><\/span><\/p>\t\t\t\t\t\t\t\t<\/div>\n\t\t\t\t<\/div>\n\t\t\t\t<div class=\"elementor-element elementor-element-c1df73a elementor-widget elementor-widget-heading\" data-id=\"c1df73a\" data-element_type=\"widget\" data-widget_type=\"heading.default\">\n\t\t\t\t<div class=\"elementor-widget-container\">\n\t\t\t\t\t<h3 class=\"elementor-heading-title elementor-size-default\">Google Maps<\/h3>\t\t\t\t<\/div>\n\t\t\t\t<\/div>\n\t\t\t\t<div class=\"elementor-element elementor-element-ae877b4 elementor-widget elementor-widget-text-editor\" data-id=\"ae877b4\" data-element_type=\"widget\" data-widget_type=\"text-editor.default\">\n\t\t\t\t<div class=\"elementor-widget-container\">\n\t\t\t\t\t\t\t\t\t<p>Nous utilisons \"Google Maps\" de \"Google Inc\" sur notre site web.<\/p><p>Si vous utilisez notre site web, vous acceptez la saisie, le traitement et l'utilisation des donn\u00e9es collect\u00e9es automatiquement par Google Inc., ses repr\u00e9sentants et des tiers.<\/p><p>Vous trouverez ici les conditions d'utilisation de Google Maps:<br \/><span style=\"color: #7a7a7a;\"><strong><a style=\"color: #7a7a7a;\" href=\"https:\/\/www.google.com\/intl\/de_de\/help\/terms_maps\/\" target=\"_blank\" rel=\"noopener\">Cliquez ici<\/a><\/strong><\/span><\/p>\t\t\t\t\t\t\t\t<\/div>\n\t\t\t\t<\/div>\n\t\t\t\t<div class=\"elementor-element elementor-element-f8fafab elementor-widget elementor-widget-heading\" data-id=\"f8fafab\" data-element_type=\"widget\" data-widget_type=\"heading.default\">\n\t\t\t\t<div class=\"elementor-widget-container\">\n\t\t\t\t\t<h3 class=\"elementor-heading-title elementor-size-default\">Server Log Files<\/h3>\t\t\t\t<\/div>\n\t\t\t\t<\/div>\n\t\t\t\t<div class=\"elementor-element elementor-element-a3332e6 elementor-widget elementor-widget-text-editor\" data-id=\"a3332e6\" data-element_type=\"widget\" data-widget_type=\"text-editor.default\">\n\t\t\t\t<div class=\"elementor-widget-container\">\n\t\t\t\t\t\t\t\t\t<p>Votre navigateur nous transmet automatiquement des informations de nature g\u00e9n\u00e9rale (serveur et fichiers journaux). Des exemples de telles informations seraient:<\/p><ul><li>Type et version du navigateur<\/li><li>Referrer URL<\/li><li>Le syst\u00e8me d'exploitation<\/li><li>Heure de la demande\u00a0<\/li><li>Adresse IP<\/li><\/ul><p>Nous n'utilisons pas vos donn\u00e9es pour tirer des conclusions \u00e0 votre sujet. L'objectif des fichiers journaux du serveur est plut\u00f4t d'optimiser notre site Web.<\/p>\t\t\t\t\t\t\t\t<\/div>\n\t\t\t\t<\/div>\n\t\t\t\t<div class=\"elementor-element elementor-element-1bbaf1d elementor-widget elementor-widget-heading\" data-id=\"1bbaf1d\" data-element_type=\"widget\" data-widget_type=\"heading.default\">\n\t\t\t\t<div class=\"elementor-widget-container\">\n\t\t\t\t\t<h3 class=\"elementor-heading-title elementor-size-default\">Contactez-nous<\/h3>\t\t\t\t<\/div>\n\t\t\t\t<\/div>\n\t\t\t\t<div class=\"elementor-element elementor-element-e9c6fa0 elementor-widget elementor-widget-text-editor\" data-id=\"e9c6fa0\" data-element_type=\"widget\" data-widget_type=\"text-editor.default\">\n\t\t\t\t<div class=\"elementor-widget-container\">\n\t\t\t\t\t\t\t\t\tSi vous avez des questions ou souhaitez des informations, le blocage ou la suppression de vos donn\u00e9es, vous pouvez contacter l'adresse indiqu\u00e9e dans les mentions l\u00e9gales (Impressum). \t\t\t\t\t\t\t\t<\/div>\n\t\t\t\t<\/div>\n\t\t\t\t\t<\/div>\n\t\t<\/div>\n\t\t\t\t\t<\/div>\n\t\t<\/section>\n\t\t\t\t<\/div>","protected":false},"excerpt":{"rendered":"<p>Datenschutz Allgemeine Informationen Uns ist der Schutz Ihrer Daten ein grosses Anliegen. Daher behandeln wir Ihre\u00a0Daten, welche Sie uns freiwillig \u00fcber unser Kontaktformular senden, vertraulich.\u00a0Ihre Daten werden nur im Sinne Ihrer Anfrage genutzt und nicht an Dritte\u00a0weitergegeben. Sollten Sie Auskunft, Sperrung oder L\u00f6schung \u00fcber Ihre Daten\u00a0bei uns verlangen, werden wir dem, falls gesetzlich erlaubt, nachkommen. [&hellip;]<\/p>","protected":false},"author":2,"featured_media":0,"parent":0,"menu_order":17,"comment_status":"closed","ping_status":"closed","template":"elementor_header_footer","meta":{"footnotes":""},"class_list":["post-28873","page","type-page","status-publish","hentry"],"yoast_head":"<!-- This site is optimized with the Yoast SEO plugin v25.2 - https:\/\/yoast.com\/wordpress\/plugins\/seo\/ -->\n<title>Datenschutz - Rovia GmbH<\/title>\n<meta name=\"robots\" content=\"index, follow, max-snippet:-1, max-image-preview:large, max-video-preview:-1\" \/>\n<link rel=\"canonical\" href=\"https:\/\/www.rovia.ch\/fr\/datenschutz\/\" \/>\n<meta property=\"og:locale\" content=\"fr_FR\" \/>\n<meta property=\"og:type\" content=\"article\" \/>\n<meta property=\"og:title\" content=\"Datenschutz - Rovia GmbH\" \/>\n<meta property=\"og:description\" content=\"Datenschutz Allgemeine Informationen Uns ist der Schutz Ihrer Daten ein grosses Anliegen. Daher behandeln wir Ihre\u00a0Daten, welche Sie uns freiwillig \u00fcber unser Kontaktformular senden, vertraulich.\u00a0Ihre Daten werden nur im Sinne Ihrer Anfrage genutzt und nicht an Dritte\u00a0weitergegeben. Sollten Sie Auskunft, Sperrung oder L\u00f6schung \u00fcber Ihre Daten\u00a0bei uns verlangen, werden wir dem, falls gesetzlich erlaubt, nachkommen. [&hellip;]\" \/>\n<meta property=\"og:url\" content=\"https:\/\/www.rovia.ch\/fr\/datenschutz\/\" \/>\n<meta property=\"og:site_name\" content=\"Rovia GmbH\" \/>\n<meta property=\"article:modified_time\" content=\"2022-11-03T07:28:41+00:00\" \/>\n<meta name=\"twitter:card\" content=\"summary_large_image\" \/>\n<meta name=\"twitter:label1\" content=\"Dur\u00e9e de lecture estim\u00e9e\" \/>\n\t<meta name=\"twitter:data1\" content=\"3 minutes\" \/>\n<script type=\"application\/ld+json\" class=\"yoast-schema-graph\">{\"@context\":\"https:\/\/schema.org\",\"@graph\":[{\"@type\":\"WebPage\",\"@id\":\"https:\/\/www.rovia.ch\/datenschutz\/\",\"url\":\"https:\/\/www.rovia.ch\/datenschutz\/\",\"name\":\"Datenschutz - Rovia GmbH\",\"isPartOf\":{\"@id\":\"https:\/\/www.rovia.ch\/#website\"},\"datePublished\":\"2020-10-14T12:47:37+00:00\",\"dateModified\":\"2022-11-03T07:28:41+00:00\",\"breadcrumb\":{\"@id\":\"https:\/\/www.rovia.ch\/datenschutz\/#breadcrumb\"},\"inLanguage\":\"fr-FR\",\"potentialAction\":[{\"@type\":\"ReadAction\",\"target\":[\"https:\/\/www.rovia.ch\/datenschutz\/\"]}]},{\"@type\":\"BreadcrumbList\",\"@id\":\"https:\/\/www.rovia.ch\/datenschutz\/#breadcrumb\",\"itemListElement\":[{\"@type\":\"ListItem\",\"position\":1,\"name\":\"Home\",\"item\":\"https:\/\/www.rovia.ch\/\"},{\"@type\":\"ListItem\",\"position\":2,\"name\":\"Datenschutz\"}]},{\"@type\":\"WebSite\",\"@id\":\"https:\/\/www.rovia.ch\/#website\",\"url\":\"https:\/\/www.rovia.ch\/\",\"name\":\"Rovia GmbH\",\"description\":\"\",\"publisher\":{\"@id\":\"https:\/\/www.rovia.ch\/#organization\"},\"potentialAction\":[{\"@type\":\"SearchAction\",\"target\":{\"@type\":\"EntryPoint\",\"urlTemplate\":\"https:\/\/www.rovia.ch\/?s={search_term_string}\"},\"query-input\":{\"@type\":\"PropertyValueSpecification\",\"valueRequired\":true,\"valueName\":\"search_term_string\"}}],\"inLanguage\":\"fr-FR\"},{\"@type\":\"Organization\",\"@id\":\"https:\/\/www.rovia.ch\/#organization\",\"name\":\"Rovia GmbH\",\"url\":\"https:\/\/www.rovia.ch\/\",\"logo\":{\"@type\":\"ImageObject\",\"inLanguage\":\"fr-FR\",\"@id\":\"https:\/\/www.rovia.ch\/#\/schema\/logo\/image\/\",\"url\":\"https:\/\/rovia.ch\/wp-content\/uploads\/2022\/09\/cropped-1-1.png\",\"contentUrl\":\"https:\/\/rovia.ch\/wp-content\/uploads\/2022\/09\/cropped-1-1.png\",\"width\":512,\"height\":512,\"caption\":\"Rovia GmbH\"},\"image\":{\"@id\":\"https:\/\/www.rovia.ch\/#\/schema\/logo\/image\/\"}}]}<\/script>\n<!-- \/ Yoast SEO plugin. -->","yoast_head_json":{"title":"Datenschutz - Rovia GmbH","robots":{"index":"index","follow":"follow","max-snippet":"max-snippet:-1","max-image-preview":"max-image-preview:large","max-video-preview":"max-video-preview:-1"},"canonical":"https:\/\/www.rovia.ch\/fr\/datenschutz\/","og_locale":"fr_FR","og_type":"article","og_title":"Datenschutz - Rovia GmbH","og_description":"Datenschutz Allgemeine Informationen Uns ist der Schutz Ihrer Daten ein grosses Anliegen. Daher behandeln wir Ihre\u00a0Daten, welche Sie uns freiwillig \u00fcber unser Kontaktformular senden, vertraulich.\u00a0Ihre Daten werden nur im Sinne Ihrer Anfrage genutzt und nicht an Dritte\u00a0weitergegeben. Sollten Sie Auskunft, Sperrung oder L\u00f6schung \u00fcber Ihre Daten\u00a0bei uns verlangen, werden wir dem, falls gesetzlich erlaubt, nachkommen. [&hellip;]","og_url":"https:\/\/www.rovia.ch\/fr\/datenschutz\/","og_site_name":"Rovia GmbH","article_modified_time":"2022-11-03T07:28:41+00:00","twitter_card":"summary_large_image","twitter_misc":{"Dur\u00e9e de lecture estim\u00e9e":"3 minutes"},"schema":{"@context":"https:\/\/schema.org","@graph":[{"@type":"WebPage","@id":"https:\/\/www.rovia.ch\/datenschutz\/","url":"https:\/\/www.rovia.ch\/datenschutz\/","name":"Datenschutz - Rovia GmbH","isPartOf":{"@id":"https:\/\/www.rovia.ch\/#website"},"datePublished":"2020-10-14T12:47:37+00:00","dateModified":"2022-11-03T07:28:41+00:00","breadcrumb":{"@id":"https:\/\/www.rovia.ch\/datenschutz\/#breadcrumb"},"inLanguage":"fr-FR","potentialAction":[{"@type":"ReadAction","target":["https:\/\/www.rovia.ch\/datenschutz\/"]}]},{"@type":"BreadcrumbList","@id":"https:\/\/www.rovia.ch\/datenschutz\/#breadcrumb","itemListElement":[{"@type":"ListItem","position":1,"name":"Home","item":"https:\/\/www.rovia.ch\/"},{"@type":"ListItem","position":2,"name":"Datenschutz"}]},{"@type":"WebSite","@id":"https:\/\/www.rovia.ch\/#website","url":"https:\/\/www.rovia.ch\/","name":"Rovia GmbH","description":"","publisher":{"@id":"https:\/\/www.rovia.ch\/#organization"},"potentialAction":[{"@type":"SearchAction","target":{"@type":"EntryPoint","urlTemplate":"https:\/\/www.rovia.ch\/?s={search_term_string}"},"query-input":{"@type":"PropertyValueSpecification","valueRequired":true,"valueName":"search_term_string"}}],"inLanguage":"fr-FR"},{"@type":"Organization","@id":"https:\/\/www.rovia.ch\/#organization","name":"Rovia GmbH","url":"https:\/\/www.rovia.ch\/","logo":{"@type":"ImageObject","inLanguage":"fr-FR","@id":"https:\/\/www.rovia.ch\/#\/schema\/logo\/image\/","url":"https:\/\/rovia.ch\/wp-content\/uploads\/2022\/09\/cropped-1-1.png","contentUrl":"https:\/\/rovia.ch\/wp-content\/uploads\/2022\/09\/cropped-1-1.png","width":512,"height":512,"caption":"Rovia GmbH"},"image":{"@id":"https:\/\/www.rovia.ch\/#\/schema\/logo\/image\/"}}]}},"_links":{"self":[{"href":"https:\/\/www.rovia.ch\/fr\/wp-json\/wp\/v2\/pages\/28873","targetHints":{"allow":["GET"]}}],"collection":[{"href":"https:\/\/www.rovia.ch\/fr\/wp-json\/wp\/v2\/pages"}],"about":[{"href":"https:\/\/www.rovia.ch\/fr\/wp-json\/wp\/v2\/types\/page"}],"author":[{"embeddable":true,"href":"https:\/\/www.rovia.ch\/fr\/wp-json\/wp\/v2\/users\/2"}],"replies":[{"embeddable":true,"href":"https:\/\/www.rovia.ch\/fr\/wp-json\/wp\/v2\/comments?post=28873"}],"version-history":[{"count":35,"href":"https:\/\/www.rovia.ch\/fr\/wp-json\/wp\/v2\/pages\/28873\/revisions"}],"predecessor-version":[{"id":35016,"href":"https:\/\/www.rovia.ch\/fr\/wp-json\/wp\/v2\/pages\/28873\/revisions\/35016"}],"wp:attachment":[{"href":"https:\/\/www.rovia.ch\/fr\/wp-json\/wp\/v2\/media?parent=28873"}],"curies":[{"name":"wp","href":"https:\/\/api.w.org\/{rel}","templated":true}]}}