{"id":28870,"date":"2020-10-14T14:29:28","date_gmt":"2020-10-14T12:29:28","guid":{"rendered":"https:\/\/br10.brentex-webprojekt.ch\/?page_id=28870"},"modified":"2024-07-17T13:28:54","modified_gmt":"2024-07-17T11:28:54","slug":"impressum","status":"publish","type":"page","link":"https:\/\/www.rovia.ch\/fr\/impressum\/","title":{"rendered":"Mentions l\u00e9gales"},"content":{"rendered":"<div data-elementor-type=\"wp-page\" data-elementor-id=\"28870\" class=\"elementor elementor-28870\" data-elementor-settings=\"{&quot;ha_cmc_init_switcher&quot;:&quot;no&quot;}\" data-elementor-post-type=\"page\">\n\t\t\t\t\t\t<section class=\"elementor-section elementor-top-section elementor-element elementor-element-d3f67a6 elementor-section-boxed elementor-section-height-default elementor-section-height-default\" data-id=\"d3f67a6\" data-element_type=\"section\" data-settings=\"{&quot;background_background&quot;:&quot;classic&quot;,&quot;_ha_eqh_enable&quot;:false}\">\n\t\t\t\t\t\t<div class=\"elementor-container elementor-column-gap-default\">\n\t\t\t\t\t<div class=\"elementor-column elementor-col-100 elementor-top-column elementor-element elementor-element-a4ba0a3\" data-id=\"a4ba0a3\" data-element_type=\"column\">\n\t\t\t<div class=\"elementor-widget-wrap elementor-element-populated\">\n\t\t\t\t\t\t<div class=\"elementor-element elementor-element-c001b56 elementor-widget elementor-widget-heading\" data-id=\"c001b56\" data-element_type=\"widget\" data-widget_type=\"heading.default\">\n\t\t\t\t<div class=\"elementor-widget-container\">\n\t\t\t\t\t<h1 class=\"elementor-heading-title elementor-size-default\">Mentions l\u00e9gales<\/h1>\t\t\t\t<\/div>\n\t\t\t\t<\/div>\n\t\t\t\t<div class=\"elementor-element elementor-element-d94023f elementor-widget elementor-widget-heading\" data-id=\"d94023f\" data-element_type=\"widget\" data-widget_type=\"heading.default\">\n\t\t\t\t<div class=\"elementor-widget-container\">\n\t\t\t\t\t<h3 class=\"elementor-heading-title elementor-size-default\">Propri\u00e9taire du site web<\/h3>\t\t\t\t<\/div>\n\t\t\t\t<\/div>\n\t\t\t\t<div class=\"elementor-element elementor-element-9841214 elementor-widget elementor-widget-text-editor\" data-id=\"9841214\" data-element_type=\"widget\" data-widget_type=\"text-editor.default\">\n\t\t\t\t<div class=\"elementor-widget-container\">\n\t\t\t\t\t\t\t\t\t<p><strong>ROVIA SARL<\/strong><br \/>Alte Aarburgerstrasse 32<br \/>4852 Rothrist<\/p><p>T\u00e9l\u00e9phone: <span style=\"color: #7a7a7a;\"><strong><a style=\"color: #7a7a7a;\" href=\"tel:0627945960\">062 794 59 60<\/a><\/strong><\/span><\/p><p>E-Mail:<a href=\"mailto:info@rovia.ch\"><span style=\"color: #7a7a7a;\"><strong>\u00a0info@rovia.ch<\/strong><\/span><\/a><\/p>\t\t\t\t\t\t\t\t<\/div>\n\t\t\t\t<\/div>\n\t\t\t\t<div class=\"elementor-element elementor-element-1cec48b elementor-widget elementor-widget-heading\" data-id=\"1cec48b\" data-element_type=\"widget\" data-widget_type=\"heading.default\">\n\t\t\t\t<div class=\"elementor-widget-container\">\n\t\t\t\t\t<h3 class=\"elementor-heading-title elementor-size-default\">Webdesign<\/h3>\t\t\t\t<\/div>\n\t\t\t\t<\/div>\n\t\t\t\t<div class=\"elementor-element elementor-element-09577ad elementor-widget elementor-widget-text-editor\" data-id=\"09577ad\" data-element_type=\"widget\" data-widget_type=\"text-editor.default\">\n\t\t\t\t<div class=\"elementor-widget-container\">\n\t\t\t\t\t\t\t\t\tCe site web a \u00e9t\u00e9 cr\u00e9\u00e9 par<span style=\"color: #7a7a7a;\">\u00a0<\/span><strong><span style=\"color: #7a7a7a;\"><a style=\"color: #7a7a7a;\" href=\"https:\/\/brentex.ch\/\" target=\"_blank\" rel=\"noopener\">Brentex AG<\/a><\/span>\u00a0<\/strong>. \t\t\t\t\t\t\t\t<\/div>\n\t\t\t\t<\/div>\n\t\t\t\t<div class=\"elementor-element elementor-element-cf17afa elementor-widget elementor-widget-heading\" data-id=\"cf17afa\" data-element_type=\"widget\" data-widget_type=\"heading.default\">\n\t\t\t\t<div class=\"elementor-widget-container\">\n\t\t\t\t\t<h3 class=\"elementor-heading-title elementor-size-default\">Copyright<\/h3>\t\t\t\t<\/div>\n\t\t\t\t<\/div>\n\t\t\t\t<div class=\"elementor-element elementor-element-3c7583a elementor-widget elementor-widget-text-editor\" data-id=\"3c7583a\" data-element_type=\"widget\" data-widget_type=\"text-editor.default\">\n\t\t\t\t<div class=\"elementor-widget-container\">\n\t\t\t\t\t\t\t\t\t<p>Le contenu de ce site web est soumis au copyright de <strong>ROVIA SARL<\/strong>.<\/p>\t\t\t\t\t\t\t\t<\/div>\n\t\t\t\t<\/div>\n\t\t\t\t\t<\/div>\n\t\t<\/div>\n\t\t\t\t\t<\/div>\n\t\t<\/section>\n\t\t\t\t<\/div>","protected":false},"excerpt":{"rendered":"<p>Impressum Inhaber der Webseite Rovia GmbHAlte Aarburgerstrasse 324852 Rothrist Telefon: 062 794 59 60 E-Mail:\u00a0info@rovia.ch Webdesign Diese Webseite wurde durch die\u00a0Brentex AG\u00a0erstellt. Copyright Die Inhalte dieser Webseite unterliegen dem Copyright der Rovia GmbH.<\/p>","protected":false},"author":2,"featured_media":0,"parent":0,"menu_order":18,"comment_status":"closed","ping_status":"closed","template":"elementor_header_footer","meta":{"footnotes":""},"class_list":["post-28870","page","type-page","status-publish","hentry"],"yoast_head":"<!-- This site is optimized with the Yoast SEO plugin v25.2 - https:\/\/yoast.com\/wordpress\/plugins\/seo\/ -->\n<title>Impressum - Rovia GmbH<\/title>\n<meta name=\"robots\" content=\"index, follow, max-snippet:-1, max-image-preview:large, max-video-preview:-1\" \/>\n<link rel=\"canonical\" href=\"https:\/\/www.rovia.ch\/fr\/impressum\/\" \/>\n<meta property=\"og:locale\" content=\"fr_FR\" \/>\n<meta property=\"og:type\" content=\"article\" \/>\n<meta property=\"og:title\" content=\"Impressum - Rovia GmbH\" \/>\n<meta property=\"og:description\" content=\"Impressum Inhaber der Webseite Rovia GmbHAlte Aarburgerstrasse 324852 Rothrist Telefon: 062 794 59 60 E-Mail:\u00a0info@rovia.ch Webdesign Diese Webseite wurde durch die\u00a0Brentex AG\u00a0erstellt. Copyright Die Inhalte dieser Webseite unterliegen dem Copyright der Rovia GmbH.\" \/>\n<meta property=\"og:url\" content=\"https:\/\/www.rovia.ch\/fr\/impressum\/\" \/>\n<meta property=\"og:site_name\" content=\"Rovia GmbH\" \/>\n<meta property=\"article:modified_time\" content=\"2024-07-17T11:28:54+00:00\" \/>\n<meta name=\"twitter:card\" content=\"summary_large_image\" \/>\n<meta name=\"twitter:label1\" content=\"Dur\u00e9e de lecture estim\u00e9e\" \/>\n\t<meta name=\"twitter:data1\" content=\"1 minute\" \/>\n<script type=\"application\/ld+json\" class=\"yoast-schema-graph\">{\"@context\":\"https:\/\/schema.org\",\"@graph\":[{\"@type\":\"WebPage\",\"@id\":\"https:\/\/www.rovia.ch\/impressum\/\",\"url\":\"https:\/\/www.rovia.ch\/impressum\/\",\"name\":\"Impressum - Rovia GmbH\",\"isPartOf\":{\"@id\":\"https:\/\/www.rovia.ch\/#website\"},\"datePublished\":\"2020-10-14T12:29:28+00:00\",\"dateModified\":\"2024-07-17T11:28:54+00:00\",\"breadcrumb\":{\"@id\":\"https:\/\/www.rovia.ch\/impressum\/#breadcrumb\"},\"inLanguage\":\"fr-FR\",\"potentialAction\":[{\"@type\":\"ReadAction\",\"target\":[\"https:\/\/www.rovia.ch\/impressum\/\"]}]},{\"@type\":\"BreadcrumbList\",\"@id\":\"https:\/\/www.rovia.ch\/impressum\/#breadcrumb\",\"itemListElement\":[{\"@type\":\"ListItem\",\"position\":1,\"name\":\"Home\",\"item\":\"https:\/\/www.rovia.ch\/\"},{\"@type\":\"ListItem\",\"position\":2,\"name\":\"Impressum\"}]},{\"@type\":\"WebSite\",\"@id\":\"https:\/\/www.rovia.ch\/#website\",\"url\":\"https:\/\/www.rovia.ch\/\",\"name\":\"Rovia GmbH\",\"description\":\"\",\"publisher\":{\"@id\":\"https:\/\/www.rovia.ch\/#organization\"},\"potentialAction\":[{\"@type\":\"SearchAction\",\"target\":{\"@type\":\"EntryPoint\",\"urlTemplate\":\"https:\/\/www.rovia.ch\/?s={search_term_string}\"},\"query-input\":{\"@type\":\"PropertyValueSpecification\",\"valueRequired\":true,\"valueName\":\"search_term_string\"}}],\"inLanguage\":\"fr-FR\"},{\"@type\":\"Organization\",\"@id\":\"https:\/\/www.rovia.ch\/#organization\",\"name\":\"Rovia GmbH\",\"url\":\"https:\/\/www.rovia.ch\/\",\"logo\":{\"@type\":\"ImageObject\",\"inLanguage\":\"fr-FR\",\"@id\":\"https:\/\/www.rovia.ch\/#\/schema\/logo\/image\/\",\"url\":\"https:\/\/rovia.ch\/wp-content\/uploads\/2022\/09\/cropped-1-1.png\",\"contentUrl\":\"https:\/\/rovia.ch\/wp-content\/uploads\/2022\/09\/cropped-1-1.png\",\"width\":512,\"height\":512,\"caption\":\"Rovia GmbH\"},\"image\":{\"@id\":\"https:\/\/www.rovia.ch\/#\/schema\/logo\/image\/\"}}]}<\/script>\n<!-- \/ Yoast SEO plugin. -->","yoast_head_json":{"title":"Impressum - Rovia GmbH","robots":{"index":"index","follow":"follow","max-snippet":"max-snippet:-1","max-image-preview":"max-image-preview:large","max-video-preview":"max-video-preview:-1"},"canonical":"https:\/\/www.rovia.ch\/fr\/impressum\/","og_locale":"fr_FR","og_type":"article","og_title":"Impressum - Rovia GmbH","og_description":"Impressum Inhaber der Webseite Rovia GmbHAlte Aarburgerstrasse 324852 Rothrist Telefon: 062 794 59 60 E-Mail:\u00a0info@rovia.ch Webdesign Diese Webseite wurde durch die\u00a0Brentex AG\u00a0erstellt. Copyright Die Inhalte dieser Webseite unterliegen dem Copyright der Rovia GmbH.","og_url":"https:\/\/www.rovia.ch\/fr\/impressum\/","og_site_name":"Rovia GmbH","article_modified_time":"2024-07-17T11:28:54+00:00","twitter_card":"summary_large_image","twitter_misc":{"Dur\u00e9e de lecture estim\u00e9e":"1 minute"},"schema":{"@context":"https:\/\/schema.org","@graph":[{"@type":"WebPage","@id":"https:\/\/www.rovia.ch\/impressum\/","url":"https:\/\/www.rovia.ch\/impressum\/","name":"Impressum - Rovia GmbH","isPartOf":{"@id":"https:\/\/www.rovia.ch\/#website"},"datePublished":"2020-10-14T12:29:28+00:00","dateModified":"2024-07-17T11:28:54+00:00","breadcrumb":{"@id":"https:\/\/www.rovia.ch\/impressum\/#breadcrumb"},"inLanguage":"fr-FR","potentialAction":[{"@type":"ReadAction","target":["https:\/\/www.rovia.ch\/impressum\/"]}]},{"@type":"BreadcrumbList","@id":"https:\/\/www.rovia.ch\/impressum\/#breadcrumb","itemListElement":[{"@type":"ListItem","position":1,"name":"Home","item":"https:\/\/www.rovia.ch\/"},{"@type":"ListItem","position":2,"name":"Impressum"}]},{"@type":"WebSite","@id":"https:\/\/www.rovia.ch\/#website","url":"https:\/\/www.rovia.ch\/","name":"Rovia GmbH","description":"","publisher":{"@id":"https:\/\/www.rovia.ch\/#organization"},"potentialAction":[{"@type":"SearchAction","target":{"@type":"EntryPoint","urlTemplate":"https:\/\/www.rovia.ch\/?s={search_term_string}"},"query-input":{"@type":"PropertyValueSpecification","valueRequired":true,"valueName":"search_term_string"}}],"inLanguage":"fr-FR"},{"@type":"Organization","@id":"https:\/\/www.rovia.ch\/#organization","name":"Rovia GmbH","url":"https:\/\/www.rovia.ch\/","logo":{"@type":"ImageObject","inLanguage":"fr-FR","@id":"https:\/\/www.rovia.ch\/#\/schema\/logo\/image\/","url":"https:\/\/rovia.ch\/wp-content\/uploads\/2022\/09\/cropped-1-1.png","contentUrl":"https:\/\/rovia.ch\/wp-content\/uploads\/2022\/09\/cropped-1-1.png","width":512,"height":512,"caption":"Rovia GmbH"},"image":{"@id":"https:\/\/www.rovia.ch\/#\/schema\/logo\/image\/"}}]}},"_links":{"self":[{"href":"https:\/\/www.rovia.ch\/fr\/wp-json\/wp\/v2\/pages\/28870","targetHints":{"allow":["GET"]}}],"collection":[{"href":"https:\/\/www.rovia.ch\/fr\/wp-json\/wp\/v2\/pages"}],"about":[{"href":"https:\/\/www.rovia.ch\/fr\/wp-json\/wp\/v2\/types\/page"}],"author":[{"embeddable":true,"href":"https:\/\/www.rovia.ch\/fr\/wp-json\/wp\/v2\/users\/2"}],"replies":[{"embeddable":true,"href":"https:\/\/www.rovia.ch\/fr\/wp-json\/wp\/v2\/comments?post=28870"}],"version-history":[{"count":49,"href":"https:\/\/www.rovia.ch\/fr\/wp-json\/wp\/v2\/pages\/28870\/revisions"}],"predecessor-version":[{"id":42658,"href":"https:\/\/www.rovia.ch\/fr\/wp-json\/wp\/v2\/pages\/28870\/revisions\/42658"}],"wp:attachment":[{"href":"https:\/\/www.rovia.ch\/fr\/wp-json\/wp\/v2\/media?parent=28870"}],"curies":[{"name":"wp","href":"https:\/\/api.w.org\/{rel}","templated":true}]}}